{"id":1500,"date":"2024-10-06T08:08:56","date_gmt":"2024-10-06T06:08:56","guid":{"rendered":"https:\/\/eclair2lune.fr\/?page_id=1500"},"modified":"2025-12-02T11:03:53","modified_gmt":"2025-12-02T10:03:53","slug":"spectacle-jeune-public-essai","status":"publish","type":"page","link":"https:\/\/eclair2lune.fr\/index.php\/spectacle-jeune-public-essai\/","title":{"rendered":"L&#8217;ange Zia part en mission ( Jeune public)"},"content":{"rendered":"\t\t<div data-elementor-type=\"wp-page\" data-elementor-id=\"1500\" class=\"elementor elementor-1500\">\n\t\t\t\t\t\t<section class=\"elementor-section elementor-top-section elementor-element elementor-element-66041aa9 elementor-section-full_width elementor-section-height-min-height elementor-section-items-stretch elementor-section-content-middle elementor-reverse-tablet elementor-reverse-mobile elementor-section-height-default\" data-id=\"66041aa9\" data-element_type=\"section\">\n\t\t\t\t\t\t<div class=\"elementor-container elementor-column-gap-no\">\n\t\t\t\t\t<div class=\"elementor-column elementor-col-50 elementor-top-column elementor-element elementor-element-6a831647\" data-id=\"6a831647\" data-element_type=\"column\">\n\t\t\t<div class=\"elementor-widget-wrap elementor-element-populated\">\n\t\t\t\t\t\t<section class=\"elementor-section elementor-inner-section elementor-element elementor-element-1731ca60 elementor-section-full_width elementor-section-height-default elementor-section-height-default\" data-id=\"1731ca60\" data-element_type=\"section\">\n\t\t\t\t\t\t<div class=\"elementor-container elementor-column-gap-no\">\n\t\t\t\t\t<div class=\"elementor-column elementor-col-100 elementor-inner-column elementor-element elementor-element-7f1ca3b7\" data-id=\"7f1ca3b7\" data-element_type=\"column\">\n\t\t\t<div class=\"elementor-widget-wrap elementor-element-populated\">\n\t\t\t\t\t\t<div class=\"elementor-element elementor-element-4e84e128 elementor-widget elementor-widget-heading\" data-id=\"4e84e128\" data-element_type=\"widget\" data-widget_type=\"heading.default\">\n\t\t\t\t<div class=\"elementor-widget-container\">\n\t\t\t<style>\/*! elementor - v3.19.0 - 07-02-2024 *\/\n.elementor-heading-title{padding:0;margin:0;line-height:1}.elementor-widget-heading .elementor-heading-title[class*=elementor-size-]>a{color:inherit;font-size:inherit;line-height:inherit}.elementor-widget-heading .elementor-heading-title.elementor-size-small{font-size:15px}.elementor-widget-heading .elementor-heading-title.elementor-size-medium{font-size:19px}.elementor-widget-heading .elementor-heading-title.elementor-size-large{font-size:29px}.elementor-widget-heading .elementor-heading-title.elementor-size-xl{font-size:39px}.elementor-widget-heading .elementor-heading-title.elementor-size-xxl{font-size:59px}<\/style><h1 class=\"elementor-heading-title elementor-size-default\">L'ange Zia part en mission<\/h1>\t\t<\/div>\n\t\t\t\t<\/div>\n\t\t\t\t<div class=\"elementor-element elementor-element-065a5f2 elementor-widget__width-initial elementor-icon-list--layout-traditional elementor-list-item-link-full_width elementor-widget elementor-widget-icon-list\" data-id=\"065a5f2\" data-element_type=\"widget\" data-widget_type=\"icon-list.default\">\n\t\t\t\t<div class=\"elementor-widget-container\">\n\t\t\t<link rel=\"stylesheet\" href=\"https:\/\/eclair2lune.fr\/wp-content\/plugins\/elementor\/assets\/css\/widget-icon-list.min.css\">\t\t<ul class=\"elementor-icon-list-items\">\n\t\t\t\t\t\t\t<li class=\"elementor-icon-list-item\">\n\t\t\t\t\t\t\t\t\t\t\t<span class=\"elementor-icon-list-icon\">\n\t\t\t\t\t\t\t<i aria-hidden=\"true\" class=\"fas fa-book\"><\/i>\t\t\t\t\t\t<\/span>\n\t\t\t\t\t\t\t\t\t\t<span class=\"elementor-icon-list-text\">Duo po\u00e9tico-clownesque<\/span>\n\t\t\t\t\t\t\t\t\t<\/li>\n\t\t\t\t\t\t\t\t<li class=\"elementor-icon-list-item\">\n\t\t\t\t\t\t\t\t\t\t\t<span class=\"elementor-icon-list-icon\">\n\t\t\t\t\t\t\t<i aria-hidden=\"true\" class=\"far fa-grin\"><\/i>\t\t\t\t\t\t<\/span>\n\t\t\t\t\t\t\t\t\t\t<span class=\"elementor-icon-list-text\">Spectacle jeune public \u00e0 partir de 6 ans<br>(version r\u00e9adapt\u00e9e du spectacle \"Entre deux\" pour enfants)<\/span>\n\t\t\t\t\t\t\t\t\t<\/li>\n\t\t\t\t\t\t\t\t<li class=\"elementor-icon-list-item\">\n\t\t\t\t\t\t\t\t\t\t\t<span class=\"elementor-icon-list-icon\">\n\t\t\t\t\t\t\t<i aria-hidden=\"true\" class=\"fas fa-clock\"><\/i>\t\t\t\t\t\t<\/span>\n\t\t\t\t\t\t\t\t\t\t<span class=\"elementor-icon-list-text\">40 min<\/span>\n\t\t\t\t\t\t\t\t\t<\/li>\n\t\t\t\t\t\t<\/ul>\n\t\t\t\t<\/div>\n\t\t\t\t<\/div>\n\t\t\t\t<div class=\"elementor-element elementor-element-a500377 elementor-widget elementor-widget-heading\" data-id=\"a500377\" data-element_type=\"widget\" data-widget_type=\"heading.default\">\n\t\t\t\t<div class=\"elementor-widget-container\">\n\t\t\t<h2 class=\"elementor-heading-title elementor-size-default\">Th\u00e8me<\/h2>\t\t<\/div>\n\t\t\t\t<\/div>\n\t\t\t\t<div class=\"elementor-element elementor-element-6f2c6bf1 elementor-widget__width-initial elementor-widget elementor-widget-text-editor\" data-id=\"6f2c6bf1\" data-element_type=\"widget\" data-widget_type=\"text-editor.default\">\n\t\t\t\t<div class=\"elementor-widget-container\">\n\t\t\t<style>\/*! elementor - v3.19.0 - 07-02-2024 *\/\n.elementor-widget-text-editor.elementor-drop-cap-view-stacked .elementor-drop-cap{background-color:#69727d;color:#fff}.elementor-widget-text-editor.elementor-drop-cap-view-framed .elementor-drop-cap{color:#69727d;border:3px solid;background-color:transparent}.elementor-widget-text-editor:not(.elementor-drop-cap-view-default) .elementor-drop-cap{margin-top:8px}.elementor-widget-text-editor:not(.elementor-drop-cap-view-default) .elementor-drop-cap-letter{width:1em;height:1em}.elementor-widget-text-editor .elementor-drop-cap{float:left;text-align:center;line-height:1;font-size:50px}.elementor-widget-text-editor .elementor-drop-cap-letter{display:inline-block}<\/style>\t\t\t\t<p><style>\n<p>        p {<br \/>            text-align:justify;<br \/>        }<br \/>    <\/style><\/p><p>\u00a0<\/p><ul><li><p lang=\"zxx\" align=\"JUSTIFY\"><span style=\"font-family: Bookman Old Style, serif;\"><span style=\"font-size: medium;\">Le r\u00eave et l&#8217;imaginaire<\/span><\/span><\/p><\/li><li><p lang=\"zxx\" align=\"JUSTIFY\"><span style=\"font-size: medium; font-family: 'Bookman Old Style', serif; color: var( --e-global-color-text ); letter-spacing: var( --e-global-typography-text-letter-spacing ); text-transform: var( --e-global-typography-text-text-transform ); background-color: var( --e-global-color-9042db2 );\">Les pr\u00e9jug\u00e9s\/ la question du regard sur l&#8217;autre<\/span><\/p><\/li><li><p lang=\"zxx\" align=\"JUSTIFY\"><span style=\"font-size: medium; font-family: 'Bookman Old Style', serif; color: var( --e-global-color-text ); letter-spacing: var( --e-global-typography-text-letter-spacing ); text-transform: var( --e-global-typography-text-text-transform ); background-color: var( --e-global-color-9042db2 );\">L&#8217;amiti\u00e9 et l&#8217;amour<\/span><\/p><\/li><li><p lang=\"zxx\" align=\"JUSTIFY\"><span style=\"font-family: Bookman Old Style, serif;\"><span style=\"font-size: medium;\">L&#8217;absence et la mort<\/span><\/span><\/p><\/li><\/ul><p lang=\"zxx\" align=\"JUSTIFY\"><span style=\"background-color: var( --e-global-color-9042db2 ); color: var( --e-global-color-text ); font-family: 'Bookman Old Style', serif; font-size: medium; letter-spacing: var( --e-global-typography-text-letter-spacing ); text-transform: var( --e-global-typography-text-text-transform );\">Le regard du clown permet d&#8217;aborder ces th\u00e9matiques avec l\u00e9g\u00e8ret\u00e9, malice et po\u00e9sie .<\/span><\/p><p lang=\"zxx\" align=\"JUSTIFY\"><span style=\"font-size: medium; font-family: 'Bookman Old Style', serif; color: var( --e-global-color-text ); letter-spacing: var( --e-global-typography-text-letter-spacing ); text-transform: var( --e-global-typography-text-text-transform ); background-color: var( --e-global-color-9042db2 );\">La rencontre improbable\u00a0 entre l&#8217;Ange Zia et Caspier, le petit filou qui erre dans son petit quotidien,\u00a0 les conduit \u00e0 se d\u00e9couvrir.<br \/>Peu \u00e0 peu, ils r\u00e9alisent qu\u2019ils partagent des points communs plus forts que leurs diff\u00e9rences.<\/span><\/p><p lang=\"zxx\" align=\"JUSTIFY\">\u00a0<\/p>\t\t\t\t\t\t<\/div>\n\t\t\t\t<\/div>\n\t\t\t\t<div class=\"elementor-element elementor-element-beb3d1f elementor-widget elementor-widget-text-editor\" data-id=\"beb3d1f\" data-element_type=\"widget\" data-widget_type=\"text-editor.default\">\n\t\t\t\t<div class=\"elementor-widget-container\">\n\t\t\t\t\t\t\t\t\t\t\t\t\t<\/div>\n\t\t\t\t<\/div>\n\t\t\t\t<div class=\"elementor-element elementor-element-bea1f4d elementor-align-center elementor-invisible elementor-widget elementor-widget-button\" data-id=\"bea1f4d\" data-element_type=\"widget\" data-settings=\"{&quot;_animation&quot;:&quot;fadeInDown&quot;}\" data-widget_type=\"button.default\">\n\t\t\t\t<div class=\"elementor-widget-container\">\n\t\t\t\t\t<div class=\"elementor-button-wrapper\">\n\t\t\t<a class=\"elementor-button elementor-button-link elementor-size-sm elementor-animation-sink\" href=\"http:\/\/eclair2lune.fr\/wp-content\/uploads\/2024\/10\/Dossier-de-presentation-ZIA.pdf\">\n\t\t\t\t\t\t<span class=\"elementor-button-content-wrapper\">\n\t\t\t\t\t\t<span class=\"elementor-button-text\">Dossier de pr\u00e9sentation<\/span>\n\t\t<\/span>\n\t\t\t\t\t<\/a>\n\t\t<\/div>\n\t\t\t\t<\/div>\n\t\t\t\t<\/div>\n\t\t\t\t<div class=\"elementor-element elementor-element-45c29a17 elementor-align-center elementor-invisible elementor-widget elementor-widget-button\" data-id=\"45c29a17\" data-element_type=\"widget\" data-settings=\"{&quot;_animation&quot;:&quot;fadeInDown&quot;}\" data-widget_type=\"button.default\">\n\t\t\t\t<div class=\"elementor-widget-container\">\n\t\t\t\t\t<div class=\"elementor-button-wrapper\">\n\t\t\t<a class=\"elementor-button elementor-button-link elementor-size-sm elementor-animation-sink\" href=\"https:\/\/eclair2lune.fr\/index.php\/contact-us\/\">\n\t\t\t\t\t\t<span class=\"elementor-button-content-wrapper\">\n\t\t\t\t\t\t<span class=\"elementor-button-text\">nous contacter<\/span>\n\t\t<\/span>\n\t\t\t\t\t<\/a>\n\t\t<\/div>\n\t\t\t\t<\/div>\n\t\t\t\t<\/div>\n\t\t\t\t\t<\/div>\n\t\t<\/div>\n\t\t\t\t\t<\/div>\n\t\t<\/section>\n\t\t\t\t\t<\/div>\n\t\t<\/div>\n\t\t\t\t<div class=\"elementor-column elementor-col-50 elementor-top-column elementor-element elementor-element-5d6d9c7\" data-id=\"5d6d9c7\" data-element_type=\"column\" data-settings=\"{&quot;background_background&quot;:&quot;classic&quot;}\">\n\t\t\t<div class=\"elementor-widget-wrap elementor-element-populated\">\n\t\t\t\t\t\t<div class=\"elementor-element elementor-element-563eaa00 elementor-widget elementor-widget-spacer\" data-id=\"563eaa00\" data-element_type=\"widget\" data-widget_type=\"spacer.default\">\n\t\t\t\t<div class=\"elementor-widget-container\">\n\t\t\t<style>\/*! elementor - v3.19.0 - 07-02-2024 *\/\n.elementor-column .elementor-spacer-inner{height:var(--spacer-size)}.e-con{--container-widget-width:100%}.e-con-inner>.elementor-widget-spacer,.e-con>.elementor-widget-spacer{width:var(--container-widget-width,var(--spacer-size));--align-self:var(--container-widget-align-self,initial);--flex-shrink:0}.e-con-inner>.elementor-widget-spacer>.elementor-widget-container,.e-con>.elementor-widget-spacer>.elementor-widget-container{height:100%;width:100%}.e-con-inner>.elementor-widget-spacer>.elementor-widget-container>.elementor-spacer,.e-con>.elementor-widget-spacer>.elementor-widget-container>.elementor-spacer{height:100%}.e-con-inner>.elementor-widget-spacer>.elementor-widget-container>.elementor-spacer>.elementor-spacer-inner,.e-con>.elementor-widget-spacer>.elementor-widget-container>.elementor-spacer>.elementor-spacer-inner{height:var(--container-widget-height,var(--spacer-size))}.e-con-inner>.elementor-widget-spacer.elementor-widget-empty,.e-con>.elementor-widget-spacer.elementor-widget-empty{position:relative;min-height:22px;min-width:22px}.e-con-inner>.elementor-widget-spacer.elementor-widget-empty .elementor-widget-empty-icon,.e-con>.elementor-widget-spacer.elementor-widget-empty .elementor-widget-empty-icon{position:absolute;top:0;bottom:0;left:0;right:0;margin:auto;padding:0;width:22px;height:22px}<\/style>\t\t<div class=\"elementor-spacer\">\n\t\t\t<div class=\"elementor-spacer-inner\"><\/div>\n\t\t<\/div>\n\t\t\t\t<\/div>\n\t\t\t\t<\/div>\n\t\t\t\t\t<\/div>\n\t\t<\/div>\n\t\t\t\t\t<\/div>\n\t\t<\/section>\n\t\t\t\t<\/div>\n\t\t","protected":false},"excerpt":{"rendered":"<p>L&#8217;ange Zia part en mission Duo po\u00e9tico-clownesque Spectacle jeune public \u00e0 partir de 6 ans(version r\u00e9adapt\u00e9e du spectacle &#8220;Entre deux&#8221; pour enfants) 40 min Th\u00e8me \u00a0 Le r\u00eave et l&#8217;imaginaire Les pr\u00e9jug\u00e9s\/ la question du regard sur l&#8217;autre L&#8217;amiti\u00e9 et l&#8217;amour L&#8217;absence et la mort Le regard du clown permet d&#8217;aborder ces th\u00e9matiques avec l\u00e9g\u00e8ret\u00e9, [&hellip;]<\/p>\n","protected":false},"author":2,"featured_media":0,"parent":0,"menu_order":0,"comment_status":"closed","ping_status":"closed","template":"elementor_header_footer","meta":{"footnotes":""},"class_list":["post-1500","page","type-page","status-publish","hentry","entry"],"yoast_head":"<!-- This site is optimized with the Yoast SEO plugin v22.0 - https:\/\/yoast.com\/wordpress\/plugins\/seo\/ -->\n<title>L&#039;ange Zia part en mission ( Jeune public) - \u00c9clair de Lune<\/title>\n<meta name=\"robots\" content=\"index, follow, max-snippet:-1, max-image-preview:large, max-video-preview:-1\" \/>\n<link rel=\"canonical\" href=\"https:\/\/eclair2lune.fr\/index.php\/spectacle-jeune-public-essai\/\" \/>\n<meta property=\"og:locale\" content=\"en_US\" \/>\n<meta property=\"og:type\" content=\"article\" \/>\n<meta property=\"og:title\" content=\"L&#039;ange Zia part en mission ( Jeune public) - \u00c9clair de Lune\" \/>\n<meta property=\"og:description\" content=\"L&#8217;ange Zia part en mission Duo po\u00e9tico-clownesque Spectacle jeune public \u00e0 partir de 6 ans(version r\u00e9adapt\u00e9e du spectacle &#8220;Entre deux&#8221; pour enfants) 40 min Th\u00e8me \u00a0 Le r\u00eave et l&#8217;imaginaire Les pr\u00e9jug\u00e9s\/ la question du regard sur l&#8217;autre L&#8217;amiti\u00e9 et l&#8217;amour L&#8217;absence et la mort Le regard du clown permet d&#8217;aborder ces th\u00e9matiques avec l\u00e9g\u00e8ret\u00e9, [&hellip;]\" \/>\n<meta property=\"og:url\" content=\"https:\/\/eclair2lune.fr\/index.php\/spectacle-jeune-public-essai\/\" \/>\n<meta property=\"og:site_name\" content=\"\u00c9clair de Lune\" \/>\n<meta property=\"article:modified_time\" content=\"2025-12-02T10:03:53+00:00\" \/>\n<meta name=\"twitter:card\" content=\"summary_large_image\" \/>\n<meta name=\"twitter:label1\" content=\"Est. reading time\" \/>\n\t<meta name=\"twitter:data1\" content=\"1 minute\" \/>\n<script type=\"application\/ld+json\" class=\"yoast-schema-graph\">{\"@context\":\"https:\/\/schema.org\",\"@graph\":[{\"@type\":\"WebPage\",\"@id\":\"https:\/\/eclair2lune.fr\/index.php\/spectacle-jeune-public-essai\/\",\"url\":\"https:\/\/eclair2lune.fr\/index.php\/spectacle-jeune-public-essai\/\",\"name\":\"L'ange Zia part en mission ( Jeune public) - \u00c9clair de Lune\",\"isPartOf\":{\"@id\":\"https:\/\/eclair2lune.fr\/#website\"},\"datePublished\":\"2024-10-06T06:08:56+00:00\",\"dateModified\":\"2025-12-02T10:03:53+00:00\",\"breadcrumb\":{\"@id\":\"https:\/\/eclair2lune.fr\/index.php\/spectacle-jeune-public-essai\/#breadcrumb\"},\"inLanguage\":\"en-US\",\"potentialAction\":[{\"@type\":\"ReadAction\",\"target\":[\"https:\/\/eclair2lune.fr\/index.php\/spectacle-jeune-public-essai\/\"]}]},{\"@type\":\"BreadcrumbList\",\"@id\":\"https:\/\/eclair2lune.fr\/index.php\/spectacle-jeune-public-essai\/#breadcrumb\",\"itemListElement\":[{\"@type\":\"ListItem\",\"position\":1,\"name\":\"Accueil\",\"item\":\"https:\/\/eclair2lune.fr\/\"},{\"@type\":\"ListItem\",\"position\":2,\"name\":\"L&rsquo;ange Zia part en mission ( Jeune public)\"}]},{\"@type\":\"WebSite\",\"@id\":\"https:\/\/eclair2lune.fr\/#website\",\"url\":\"https:\/\/eclair2lune.fr\/\",\"name\":\"\u00c9clair de Lune\",\"description\":\"Association de Clown \u00e0 Toulouse\",\"publisher\":{\"@id\":\"https:\/\/eclair2lune.fr\/#organization\"},\"potentialAction\":[{\"@type\":\"SearchAction\",\"target\":{\"@type\":\"EntryPoint\",\"urlTemplate\":\"https:\/\/eclair2lune.fr\/?s={search_term_string}\"},\"query-input\":\"required name=search_term_string\"}],\"inLanguage\":\"en-US\"},{\"@type\":\"Organization\",\"@id\":\"https:\/\/eclair2lune.fr\/#organization\",\"name\":\"\u00c9clair de Lune\",\"url\":\"https:\/\/eclair2lune.fr\/\",\"logo\":{\"@type\":\"ImageObject\",\"inLanguage\":\"en-US\",\"@id\":\"https:\/\/eclair2lune.fr\/#\/schema\/logo\/image\/\",\"url\":\"https:\/\/eclair2lune.fr\/wp-content\/uploads\/2023\/12\/cropped-Logo_v5.png\",\"contentUrl\":\"https:\/\/eclair2lune.fr\/wp-content\/uploads\/2023\/12\/cropped-Logo_v5.png\",\"width\":1050,\"height\":289,\"caption\":\"\u00c9clair de Lune\"},\"image\":{\"@id\":\"https:\/\/eclair2lune.fr\/#\/schema\/logo\/image\/\"}}]}<\/script>\n<!-- \/ Yoast SEO plugin. -->","yoast_head_json":{"title":"L'ange Zia part en mission ( Jeune public) - \u00c9clair de Lune","robots":{"index":"index","follow":"follow","max-snippet":"max-snippet:-1","max-image-preview":"max-image-preview:large","max-video-preview":"max-video-preview:-1"},"canonical":"https:\/\/eclair2lune.fr\/index.php\/spectacle-jeune-public-essai\/","og_locale":"en_US","og_type":"article","og_title":"L'ange Zia part en mission ( Jeune public) - \u00c9clair de Lune","og_description":"L&#8217;ange Zia part en mission Duo po\u00e9tico-clownesque Spectacle jeune public \u00e0 partir de 6 ans(version r\u00e9adapt\u00e9e du spectacle &#8220;Entre deux&#8221; pour enfants) 40 min Th\u00e8me \u00a0 Le r\u00eave et l&#8217;imaginaire Les pr\u00e9jug\u00e9s\/ la question du regard sur l&#8217;autre L&#8217;amiti\u00e9 et l&#8217;amour L&#8217;absence et la mort Le regard du clown permet d&#8217;aborder ces th\u00e9matiques avec l\u00e9g\u00e8ret\u00e9, [&hellip;]","og_url":"https:\/\/eclair2lune.fr\/index.php\/spectacle-jeune-public-essai\/","og_site_name":"\u00c9clair de Lune","article_modified_time":"2025-12-02T10:03:53+00:00","twitter_card":"summary_large_image","twitter_misc":{"Est. reading time":"1 minute"},"schema":{"@context":"https:\/\/schema.org","@graph":[{"@type":"WebPage","@id":"https:\/\/eclair2lune.fr\/index.php\/spectacle-jeune-public-essai\/","url":"https:\/\/eclair2lune.fr\/index.php\/spectacle-jeune-public-essai\/","name":"L'ange Zia part en mission ( Jeune public) - \u00c9clair de Lune","isPartOf":{"@id":"https:\/\/eclair2lune.fr\/#website"},"datePublished":"2024-10-06T06:08:56+00:00","dateModified":"2025-12-02T10:03:53+00:00","breadcrumb":{"@id":"https:\/\/eclair2lune.fr\/index.php\/spectacle-jeune-public-essai\/#breadcrumb"},"inLanguage":"en-US","potentialAction":[{"@type":"ReadAction","target":["https:\/\/eclair2lune.fr\/index.php\/spectacle-jeune-public-essai\/"]}]},{"@type":"BreadcrumbList","@id":"https:\/\/eclair2lune.fr\/index.php\/spectacle-jeune-public-essai\/#breadcrumb","itemListElement":[{"@type":"ListItem","position":1,"name":"Accueil","item":"https:\/\/eclair2lune.fr\/"},{"@type":"ListItem","position":2,"name":"L&rsquo;ange Zia part en mission ( Jeune public)"}]},{"@type":"WebSite","@id":"https:\/\/eclair2lune.fr\/#website","url":"https:\/\/eclair2lune.fr\/","name":"\u00c9clair de Lune","description":"Association de Clown \u00e0 Toulouse","publisher":{"@id":"https:\/\/eclair2lune.fr\/#organization"},"potentialAction":[{"@type":"SearchAction","target":{"@type":"EntryPoint","urlTemplate":"https:\/\/eclair2lune.fr\/?s={search_term_string}"},"query-input":"required name=search_term_string"}],"inLanguage":"en-US"},{"@type":"Organization","@id":"https:\/\/eclair2lune.fr\/#organization","name":"\u00c9clair de Lune","url":"https:\/\/eclair2lune.fr\/","logo":{"@type":"ImageObject","inLanguage":"en-US","@id":"https:\/\/eclair2lune.fr\/#\/schema\/logo\/image\/","url":"https:\/\/eclair2lune.fr\/wp-content\/uploads\/2023\/12\/cropped-Logo_v5.png","contentUrl":"https:\/\/eclair2lune.fr\/wp-content\/uploads\/2023\/12\/cropped-Logo_v5.png","width":1050,"height":289,"caption":"\u00c9clair de Lune"},"image":{"@id":"https:\/\/eclair2lune.fr\/#\/schema\/logo\/image\/"}}]}},"_links":{"self":[{"href":"https:\/\/eclair2lune.fr\/index.php\/wp-json\/wp\/v2\/pages\/1500","targetHints":{"allow":["GET"]}}],"collection":[{"href":"https:\/\/eclair2lune.fr\/index.php\/wp-json\/wp\/v2\/pages"}],"about":[{"href":"https:\/\/eclair2lune.fr\/index.php\/wp-json\/wp\/v2\/types\/page"}],"author":[{"embeddable":true,"href":"https:\/\/eclair2lune.fr\/index.php\/wp-json\/wp\/v2\/users\/2"}],"replies":[{"embeddable":true,"href":"https:\/\/eclair2lune.fr\/index.php\/wp-json\/wp\/v2\/comments?post=1500"}],"version-history":[{"count":25,"href":"https:\/\/eclair2lune.fr\/index.php\/wp-json\/wp\/v2\/pages\/1500\/revisions"}],"predecessor-version":[{"id":1634,"href":"https:\/\/eclair2lune.fr\/index.php\/wp-json\/wp\/v2\/pages\/1500\/revisions\/1634"}],"wp:attachment":[{"href":"https:\/\/eclair2lune.fr\/index.php\/wp-json\/wp\/v2\/media?parent=1500"}],"curies":[{"name":"wp","href":"https:\/\/api.w.org\/{rel}","templated":true}]}}