{"id":1386,"date":"2024-03-07T13:48:50","date_gmt":"2024-03-07T12:48:50","guid":{"rendered":"https:\/\/eclair2lune.fr\/?page_id=1386"},"modified":"2025-12-02T10:57:31","modified_gmt":"2025-12-02T09:57:31","slug":"spectacle-pour-enfant-2","status":"publish","type":"page","link":"https:\/\/eclair2lune.fr\/index.php\/spectacle-pour-enfant-2\/","title":{"rendered":"Animation pour enfants"},"content":{"rendered":"\t\t<div data-elementor-type=\"wp-page\" data-elementor-id=\"1386\" class=\"elementor elementor-1386\">\n\t\t\t\t\t\t<section class=\"elementor-section elementor-top-section elementor-element elementor-element-66041aa9 elementor-section-full_width elementor-section-height-min-height elementor-section-items-stretch elementor-section-content-middle elementor-reverse-tablet elementor-reverse-mobile elementor-section-height-default\" data-id=\"66041aa9\" data-element_type=\"section\">\n\t\t\t\t\t\t<div class=\"elementor-container elementor-column-gap-no\">\n\t\t\t\t\t<div class=\"elementor-column elementor-col-50 elementor-top-column elementor-element elementor-element-6a831647\" data-id=\"6a831647\" data-element_type=\"column\">\n\t\t\t<div class=\"elementor-widget-wrap elementor-element-populated\">\n\t\t\t\t\t\t<section class=\"elementor-section elementor-inner-section elementor-element elementor-element-1731ca60 elementor-section-full_width elementor-section-height-default elementor-section-height-default\" data-id=\"1731ca60\" data-element_type=\"section\">\n\t\t\t\t\t\t<div class=\"elementor-container elementor-column-gap-no\">\n\t\t\t\t\t<div class=\"elementor-column elementor-col-100 elementor-inner-column elementor-element elementor-element-7f1ca3b7\" data-id=\"7f1ca3b7\" data-element_type=\"column\">\n\t\t\t<div class=\"elementor-widget-wrap elementor-element-populated\">\n\t\t\t\t\t\t<div class=\"elementor-element elementor-element-4e84e128 elementor-widget elementor-widget-heading\" data-id=\"4e84e128\" data-element_type=\"widget\" data-widget_type=\"heading.default\">\n\t\t\t\t<div class=\"elementor-widget-container\">\n\t\t\t<style>\/*! elementor - v3.19.0 - 07-02-2024 *\/\n.elementor-heading-title{padding:0;margin:0;line-height:1}.elementor-widget-heading .elementor-heading-title[class*=elementor-size-]>a{color:inherit;font-size:inherit;line-height:inherit}.elementor-widget-heading .elementor-heading-title.elementor-size-small{font-size:15px}.elementor-widget-heading .elementor-heading-title.elementor-size-medium{font-size:19px}.elementor-widget-heading .elementor-heading-title.elementor-size-large{font-size:29px}.elementor-widget-heading .elementor-heading-title.elementor-size-xl{font-size:39px}.elementor-widget-heading .elementor-heading-title.elementor-size-xxl{font-size:59px}<\/style><h1 class=\"elementor-heading-title elementor-size-default\"><b>         SPECTACLES <\/b><br><b>       POUR ENFANTS<\/b><\/h1>\t\t<\/div>\n\t\t\t\t<\/div>\n\t\t\t\t<div class=\"elementor-element elementor-element-6f2c6bf1 elementor-widget__width-initial elementor-widget elementor-widget-text-editor\" data-id=\"6f2c6bf1\" data-element_type=\"widget\" data-widget_type=\"text-editor.default\">\n\t\t\t\t<div class=\"elementor-widget-container\">\n\t\t\t<style>\/*! elementor - v3.19.0 - 07-02-2024 *\/\n.elementor-widget-text-editor.elementor-drop-cap-view-stacked .elementor-drop-cap{background-color:#69727d;color:#fff}.elementor-widget-text-editor.elementor-drop-cap-view-framed .elementor-drop-cap{color:#69727d;border:3px solid;background-color:transparent}.elementor-widget-text-editor:not(.elementor-drop-cap-view-default) .elementor-drop-cap{margin-top:8px}.elementor-widget-text-editor:not(.elementor-drop-cap-view-default) .elementor-drop-cap-letter{width:1em;height:1em}.elementor-widget-text-editor .elementor-drop-cap{float:left;text-align:center;line-height:1;font-size:50px}.elementor-widget-text-editor .elementor-drop-cap-letter{display:inline-block}<\/style>\t\t\t\t<p>Spectacles sur mesure pour un \u00e9v\u00e9nement ou une manifestation particuli\u00e8re. Nous proposons des cr\u00e9ations de spectacle avec la participation des enfants pour cr\u00e9er une repr\u00e9sentation unique lors de laquelle les enfants deviennent acteurs de l&#8217;\u00e9v\u00e8nement.<\/p>\t\t\t\t\t\t<\/div>\n\t\t\t\t<\/div>\n\t\t\t\t<div class=\"elementor-element elementor-element-45c29a17 elementor-mobile-align-center elementor-tablet-align-center elementor-invisible elementor-widget elementor-widget-button\" data-id=\"45c29a17\" data-element_type=\"widget\" data-settings=\"{&quot;_animation&quot;:&quot;fadeInDown&quot;}\" data-widget_type=\"button.default\">\n\t\t\t\t<div class=\"elementor-widget-container\">\n\t\t\t\t\t<div class=\"elementor-button-wrapper\">\n\t\t\t<a class=\"elementor-button elementor-button-link elementor-size-sm elementor-animation-sink\" href=\"https:\/\/eclair2lune.fr\/index.php\/contact-us\/\">\n\t\t\t\t\t\t<span class=\"elementor-button-content-wrapper\">\n\t\t\t\t\t\t<span class=\"elementor-button-text\">nous contacter<\/span>\n\t\t<\/span>\n\t\t\t\t\t<\/a>\n\t\t<\/div>\n\t\t\t\t<\/div>\n\t\t\t\t<\/div>\n\t\t\t\t\t<\/div>\n\t\t<\/div>\n\t\t\t\t\t<\/div>\n\t\t<\/section>\n\t\t\t\t\t<\/div>\n\t\t<\/div>\n\t\t\t\t<div class=\"elementor-column elementor-col-50 elementor-top-column elementor-element elementor-element-5d6d9c7\" data-id=\"5d6d9c7\" data-element_type=\"column\" data-settings=\"{&quot;background_background&quot;:&quot;classic&quot;}\">\n\t\t\t<div class=\"elementor-widget-wrap elementor-element-populated\">\n\t\t\t\t\t\t<div class=\"elementor-element elementor-element-563eaa00 elementor-widget elementor-widget-spacer\" data-id=\"563eaa00\" data-element_type=\"widget\" data-widget_type=\"spacer.default\">\n\t\t\t\t<div class=\"elementor-widget-container\">\n\t\t\t<style>\/*! elementor - v3.19.0 - 07-02-2024 *\/\n.elementor-column .elementor-spacer-inner{height:var(--spacer-size)}.e-con{--container-widget-width:100%}.e-con-inner>.elementor-widget-spacer,.e-con>.elementor-widget-spacer{width:var(--container-widget-width,var(--spacer-size));--align-self:var(--container-widget-align-self,initial);--flex-shrink:0}.e-con-inner>.elementor-widget-spacer>.elementor-widget-container,.e-con>.elementor-widget-spacer>.elementor-widget-container{height:100%;width:100%}.e-con-inner>.elementor-widget-spacer>.elementor-widget-container>.elementor-spacer,.e-con>.elementor-widget-spacer>.elementor-widget-container>.elementor-spacer{height:100%}.e-con-inner>.elementor-widget-spacer>.elementor-widget-container>.elementor-spacer>.elementor-spacer-inner,.e-con>.elementor-widget-spacer>.elementor-widget-container>.elementor-spacer>.elementor-spacer-inner{height:var(--container-widget-height,var(--spacer-size))}.e-con-inner>.elementor-widget-spacer.elementor-widget-empty,.e-con>.elementor-widget-spacer.elementor-widget-empty{position:relative;min-height:22px;min-width:22px}.e-con-inner>.elementor-widget-spacer.elementor-widget-empty .elementor-widget-empty-icon,.e-con>.elementor-widget-spacer.elementor-widget-empty .elementor-widget-empty-icon{position:absolute;top:0;bottom:0;left:0;right:0;margin:auto;padding:0;width:22px;height:22px}<\/style>\t\t<div class=\"elementor-spacer\">\n\t\t\t<div class=\"elementor-spacer-inner\"><\/div>\n\t\t<\/div>\n\t\t\t\t<\/div>\n\t\t\t\t<\/div>\n\t\t\t\t\t<\/div>\n\t\t<\/div>\n\t\t\t\t\t<\/div>\n\t\t<\/section>\n\t\t\t\t<section class=\"elementor-section elementor-top-section elementor-element elementor-element-89ec5ed elementor-section-full_width elementor-section-height-default elementor-section-height-default\" data-id=\"89ec5ed\" data-element_type=\"section\">\n\t\t\t\t\t\t<div class=\"elementor-container elementor-column-gap-no\">\n\t\t\t\t\t<div class=\"elementor-column elementor-col-100 elementor-top-column elementor-element elementor-element-8ad88de\" data-id=\"8ad88de\" data-element_type=\"column\">\n\t\t\t<div class=\"elementor-widget-wrap elementor-element-populated\">\n\t\t\t\t\t\t<div class=\"elementor-element elementor-element-620bdec elementor-widget elementor-widget-heading\" data-id=\"620bdec\" data-element_type=\"widget\" data-widget_type=\"heading.default\">\n\t\t\t\t<div class=\"elementor-widget-container\">\n\t\t\t<span class=\"elementor-heading-title elementor-size-default\">Galerie<\/span>\t\t<\/div>\n\t\t\t\t<\/div>\n\t\t\t\t<div class=\"elementor-element elementor-element-3c5f45a e-transform elementor-arrows-position-inside elementor-widget elementor-widget-image-carousel\" data-id=\"3c5f45a\" data-element_type=\"widget\" data-settings=\"{&quot;slides_to_show&quot;:&quot;4&quot;,&quot;slides_to_scroll&quot;:&quot;1&quot;,&quot;navigation&quot;:&quot;arrows&quot;,&quot;pause_on_hover&quot;:&quot;no&quot;,&quot;pause_on_interaction&quot;:&quot;no&quot;,&quot;slides_to_show_mobile&quot;:&quot;1&quot;,&quot;image_spacing_custom&quot;:{&quot;unit&quot;:&quot;px&quot;,&quot;size&quot;:10,&quot;sizes&quot;:[]},&quot;autoplay&quot;:&quot;yes&quot;,&quot;autoplay_speed&quot;:5000,&quot;infinite&quot;:&quot;yes&quot;,&quot;speed&quot;:500,&quot;image_spacing_custom_tablet&quot;:{&quot;unit&quot;:&quot;px&quot;,&quot;size&quot;:&quot;&quot;,&quot;sizes&quot;:[]},&quot;_transform_scaleX_effect&quot;:{&quot;unit&quot;:&quot;px&quot;,&quot;size&quot;:&quot;&quot;,&quot;sizes&quot;:[]},&quot;_transform_scaleX_effect_tablet&quot;:{&quot;unit&quot;:&quot;px&quot;,&quot;size&quot;:&quot;&quot;,&quot;sizes&quot;:[]},&quot;_transform_scaleX_effect_mobile&quot;:{&quot;unit&quot;:&quot;px&quot;,&quot;size&quot;:&quot;&quot;,&quot;sizes&quot;:[]},&quot;_transform_scaleY_effect&quot;:{&quot;unit&quot;:&quot;px&quot;,&quot;size&quot;:&quot;&quot;,&quot;sizes&quot;:[]},&quot;_transform_scaleY_effect_tablet&quot;:{&quot;unit&quot;:&quot;px&quot;,&quot;size&quot;:&quot;&quot;,&quot;sizes&quot;:[]},&quot;_transform_scaleY_effect_mobile&quot;:{&quot;unit&quot;:&quot;px&quot;,&quot;size&quot;:&quot;&quot;,&quot;sizes&quot;:[]}}\" data-widget_type=\"image-carousel.default\">\n\t\t\t\t<div class=\"elementor-widget-container\">\n\t\t\t<style>\/*! elementor - v3.19.0 - 07-02-2024 *\/\n.elementor-widget-image-carousel .swiper,.elementor-widget-image-carousel .swiper-container{position:static}.elementor-widget-image-carousel .swiper-container .swiper-slide figure,.elementor-widget-image-carousel .swiper .swiper-slide figure{line-height:inherit}.elementor-widget-image-carousel .swiper-slide{text-align:center}.elementor-image-carousel-wrapper:not(.swiper-container-initialized):not(.swiper-initialized) .swiper-slide{max-width:calc(100% \/ var(--e-image-carousel-slides-to-show, 3))}<\/style>\t\t<div class=\"elementor-image-carousel-wrapper swiper\" dir=\"ltr\">\n\t\t\t<div class=\"elementor-image-carousel swiper-wrapper\" aria-live=\"off\">\n\t\t\t\t\t\t\t\t<div class=\"swiper-slide\" role=\"group\" aria-roledescription=\"slide\" aria-label=\"1 of 6\"><a data-elementor-open-lightbox=\"yes\" data-elementor-lightbox-slideshow=\"3c5f45a\" data-elementor-lightbox-title=\"IMG-20231217-WA0014\" data-e-action-hash=\"#elementor-action%3Aaction%3Dlightbox%26settings%3DeyJpZCI6MTM4MiwidXJsIjoiaHR0cHM6XC9cL2VjbGFpcjJsdW5lLmZyXC93cC1jb250ZW50XC91cGxvYWRzXC8yMDI0XC8wM1wvSU1HLTIwMjMxMjE3LVdBMDAxNC5qcGciLCJzbGlkZXNob3ciOiIzYzVmNDVhIn0%3D\" href=\"https:\/\/eclair2lune.fr\/wp-content\/uploads\/2024\/03\/IMG-20231217-WA0014.jpg\"><figure class=\"swiper-slide-inner\"><img decoding=\"async\" class=\"swiper-slide-image\" src=\"https:\/\/eclair2lune.fr\/wp-content\/uploads\/2024\/03\/IMG-20231217-WA0014-600x600.jpg\" alt=\"IMG-20231217-WA0014\" \/><\/figure><\/a><\/div><div class=\"swiper-slide\" role=\"group\" aria-roledescription=\"slide\" aria-label=\"2 of 6\"><a data-elementor-open-lightbox=\"yes\" data-elementor-lightbox-slideshow=\"3c5f45a\" data-elementor-lightbox-title=\"IMG-20231217-WA0011\" data-e-action-hash=\"#elementor-action%3Aaction%3Dlightbox%26settings%3DeyJpZCI6MTM4MCwidXJsIjoiaHR0cHM6XC9cL2VjbGFpcjJsdW5lLmZyXC93cC1jb250ZW50XC91cGxvYWRzXC8yMDI0XC8wM1wvSU1HLTIwMjMxMjE3LVdBMDAxMS5qcGciLCJzbGlkZXNob3ciOiIzYzVmNDVhIn0%3D\" href=\"https:\/\/eclair2lune.fr\/wp-content\/uploads\/2024\/03\/IMG-20231217-WA0011.jpg\"><figure class=\"swiper-slide-inner\"><img decoding=\"async\" class=\"swiper-slide-image\" src=\"https:\/\/eclair2lune.fr\/wp-content\/uploads\/2024\/03\/IMG-20231217-WA0011-600x600.jpg\" alt=\"IMG-20231217-WA0011\" \/><\/figure><\/a><\/div><div class=\"swiper-slide\" role=\"group\" aria-roledescription=\"slide\" aria-label=\"3 of 6\"><a data-elementor-open-lightbox=\"yes\" data-elementor-lightbox-slideshow=\"3c5f45a\" data-elementor-lightbox-title=\"IMG_20211210_194344\" data-e-action-hash=\"#elementor-action%3Aaction%3Dlightbox%26settings%3DeyJpZCI6MTM3OSwidXJsIjoiaHR0cHM6XC9cL2VjbGFpcjJsdW5lLmZyXC93cC1jb250ZW50XC91cGxvYWRzXC8yMDI0XC8wM1wvSU1HXzIwMjExMjEwXzE5NDM0NC1zY2FsZWQuanBnIiwic2xpZGVzaG93IjoiM2M1ZjQ1YSJ9\" href=\"https:\/\/eclair2lune.fr\/wp-content\/uploads\/2024\/03\/IMG_20211210_194344-scaled.jpg\"><figure class=\"swiper-slide-inner\"><img decoding=\"async\" class=\"swiper-slide-image\" src=\"https:\/\/eclair2lune.fr\/wp-content\/uploads\/2024\/03\/IMG_20211210_194344-600x600.jpg\" alt=\"IMG_20211210_194344\" \/><\/figure><\/a><\/div><div class=\"swiper-slide\" role=\"group\" aria-roledescription=\"slide\" aria-label=\"4 of 6\"><a data-elementor-open-lightbox=\"yes\" data-elementor-lightbox-slideshow=\"3c5f45a\" data-elementor-lightbox-title=\"IMG_20211210_192358\" data-e-action-hash=\"#elementor-action%3Aaction%3Dlightbox%26settings%3DeyJpZCI6MTM3OCwidXJsIjoiaHR0cHM6XC9cL2VjbGFpcjJsdW5lLmZyXC93cC1jb250ZW50XC91cGxvYWRzXC8yMDI0XC8wM1wvSU1HXzIwMjExMjEwXzE5MjM1OC1zY2FsZWQuanBnIiwic2xpZGVzaG93IjoiM2M1ZjQ1YSJ9\" href=\"https:\/\/eclair2lune.fr\/wp-content\/uploads\/2024\/03\/IMG_20211210_192358-scaled.jpg\"><figure class=\"swiper-slide-inner\"><img decoding=\"async\" class=\"swiper-slide-image\" src=\"https:\/\/eclair2lune.fr\/wp-content\/uploads\/2024\/03\/IMG_20211210_192358-600x600.jpg\" alt=\"IMG_20211210_192358\" \/><\/figure><\/a><\/div><div class=\"swiper-slide\" role=\"group\" aria-roledescription=\"slide\" aria-label=\"5 of 6\"><a data-elementor-open-lightbox=\"yes\" data-elementor-lightbox-slideshow=\"3c5f45a\" data-elementor-lightbox-title=\"image[4]\" data-e-action-hash=\"#elementor-action%3Aaction%3Dlightbox%26settings%3DeyJpZCI6MTM3NSwidXJsIjoiaHR0cHM6XC9cL2VjbGFpcjJsdW5lLmZyXC93cC1jb250ZW50XC91cGxvYWRzXC8yMDI0XC8wM1wvaW1hZ2U0LXNjYWxlZC5qcGciLCJzbGlkZXNob3ciOiIzYzVmNDVhIn0%3D\" href=\"https:\/\/eclair2lune.fr\/wp-content\/uploads\/2024\/03\/image4-scaled.jpg\"><figure class=\"swiper-slide-inner\"><img decoding=\"async\" class=\"swiper-slide-image\" src=\"https:\/\/eclair2lune.fr\/wp-content\/uploads\/2024\/03\/image4-600x600.jpg\" alt=\"image[4]\" \/><\/figure><\/a><\/div><div class=\"swiper-slide\" role=\"group\" aria-roledescription=\"slide\" aria-label=\"6 of 6\"><a data-elementor-open-lightbox=\"yes\" data-elementor-lightbox-slideshow=\"3c5f45a\" data-elementor-lightbox-title=\"image[2]\" data-e-action-hash=\"#elementor-action%3Aaction%3Dlightbox%26settings%3DeyJpZCI6MTM3NCwidXJsIjoiaHR0cHM6XC9cL2VjbGFpcjJsdW5lLmZyXC93cC1jb250ZW50XC91cGxvYWRzXC8yMDI0XC8wM1wvaW1hZ2UyLXNjYWxlZC5qcGciLCJzbGlkZXNob3ciOiIzYzVmNDVhIn0%3D\" href=\"https:\/\/eclair2lune.fr\/wp-content\/uploads\/2024\/03\/image2-scaled.jpg\"><figure class=\"swiper-slide-inner\"><img decoding=\"async\" class=\"swiper-slide-image\" src=\"https:\/\/eclair2lune.fr\/wp-content\/uploads\/2024\/03\/image2-600x600.jpg\" alt=\"image[2]\" \/><\/figure><\/a><\/div>\t\t\t<\/div>\n\t\t\t\t\t\t\t\t\t\t\t\t<div class=\"elementor-swiper-button elementor-swiper-button-prev\" role=\"button\" tabindex=\"0\">\n\t\t\t\t\t\t<i aria-hidden=\"true\" class=\"eicon-chevron-left\"><\/i>\t\t\t\t\t<\/div>\n\t\t\t\t\t<div class=\"elementor-swiper-button elementor-swiper-button-next\" role=\"button\" tabindex=\"0\">\n\t\t\t\t\t\t<i aria-hidden=\"true\" class=\"eicon-chevron-right\"><\/i>\t\t\t\t\t<\/div>\n\t\t\t\t\n\t\t\t\t\t\t\t\t\t<\/div>\n\t\t\t\t<\/div>\n\t\t\t\t<\/div>\n\t\t\t\t\t<\/div>\n\t\t<\/div>\n\t\t\t\t\t<\/div>\n\t\t<\/section>\n\t\t\t\t<\/div>\n\t\t","protected":false},"excerpt":{"rendered":"<p>SPECTACLES POUR ENFANTS Spectacles sur mesure pour un \u00e9v\u00e9nement ou une manifestation particuli\u00e8re. Nous proposons des cr\u00e9ations de spectacle avec la participation des enfants pour cr\u00e9er une repr\u00e9sentation unique lors de laquelle les enfants deviennent acteurs de l&#8217;\u00e9v\u00e8nement. nous contacter Galerie<\/p>\n","protected":false},"author":2,"featured_media":0,"parent":0,"menu_order":0,"comment_status":"closed","ping_status":"closed","template":"elementor_header_footer","meta":{"footnotes":""},"class_list":["post-1386","page","type-page","status-publish","hentry","entry"],"yoast_head":"<!-- This site is optimized with the Yoast SEO plugin v22.0 - https:\/\/yoast.com\/wordpress\/plugins\/seo\/ -->\n<title>Animation pour enfants - \u00c9clair de Lune<\/title>\n<meta name=\"robots\" content=\"index, follow, max-snippet:-1, max-image-preview:large, max-video-preview:-1\" \/>\n<link rel=\"canonical\" href=\"https:\/\/eclair2lune.fr\/index.php\/spectacle-pour-enfant-2\/\" \/>\n<meta property=\"og:locale\" content=\"en_US\" \/>\n<meta property=\"og:type\" content=\"article\" \/>\n<meta property=\"og:title\" content=\"Animation pour enfants - \u00c9clair de Lune\" \/>\n<meta property=\"og:description\" content=\"SPECTACLES POUR ENFANTS Spectacles sur mesure pour un \u00e9v\u00e9nement ou une manifestation particuli\u00e8re. Nous proposons des cr\u00e9ations de spectacle avec la participation des enfants pour cr\u00e9er une repr\u00e9sentation unique lors de laquelle les enfants deviennent acteurs de l&#8217;\u00e9v\u00e8nement. nous contacter Galerie\" \/>\n<meta property=\"og:url\" content=\"https:\/\/eclair2lune.fr\/index.php\/spectacle-pour-enfant-2\/\" \/>\n<meta property=\"og:site_name\" content=\"\u00c9clair de Lune\" \/>\n<meta property=\"article:modified_time\" content=\"2025-12-02T09:57:31+00:00\" \/>\n<meta property=\"og:image\" content=\"http:\/\/eclair2lune.fr\/wp-content\/uploads\/2024\/03\/IMG-20231217-WA0014-600x600.jpg\" \/>\n<meta name=\"twitter:card\" content=\"summary_large_image\" \/>\n<meta name=\"twitter:label1\" content=\"Est. reading time\" \/>\n\t<meta name=\"twitter:data1\" content=\"4 minutes\" \/>\n<script type=\"application\/ld+json\" class=\"yoast-schema-graph\">{\"@context\":\"https:\/\/schema.org\",\"@graph\":[{\"@type\":\"WebPage\",\"@id\":\"https:\/\/eclair2lune.fr\/index.php\/spectacle-pour-enfant-2\/\",\"url\":\"https:\/\/eclair2lune.fr\/index.php\/spectacle-pour-enfant-2\/\",\"name\":\"Animation pour enfants - \u00c9clair de Lune\",\"isPartOf\":{\"@id\":\"https:\/\/eclair2lune.fr\/#website\"},\"datePublished\":\"2024-03-07T12:48:50+00:00\",\"dateModified\":\"2025-12-02T09:57:31+00:00\",\"breadcrumb\":{\"@id\":\"https:\/\/eclair2lune.fr\/index.php\/spectacle-pour-enfant-2\/#breadcrumb\"},\"inLanguage\":\"en-US\",\"potentialAction\":[{\"@type\":\"ReadAction\",\"target\":[\"https:\/\/eclair2lune.fr\/index.php\/spectacle-pour-enfant-2\/\"]}]},{\"@type\":\"BreadcrumbList\",\"@id\":\"https:\/\/eclair2lune.fr\/index.php\/spectacle-pour-enfant-2\/#breadcrumb\",\"itemListElement\":[{\"@type\":\"ListItem\",\"position\":1,\"name\":\"Accueil\",\"item\":\"https:\/\/eclair2lune.fr\/\"},{\"@type\":\"ListItem\",\"position\":2,\"name\":\"Animation pour enfants\"}]},{\"@type\":\"WebSite\",\"@id\":\"https:\/\/eclair2lune.fr\/#website\",\"url\":\"https:\/\/eclair2lune.fr\/\",\"name\":\"\u00c9clair de Lune\",\"description\":\"Association de Clown \u00e0 Toulouse\",\"publisher\":{\"@id\":\"https:\/\/eclair2lune.fr\/#organization\"},\"potentialAction\":[{\"@type\":\"SearchAction\",\"target\":{\"@type\":\"EntryPoint\",\"urlTemplate\":\"https:\/\/eclair2lune.fr\/?s={search_term_string}\"},\"query-input\":\"required name=search_term_string\"}],\"inLanguage\":\"en-US\"},{\"@type\":\"Organization\",\"@id\":\"https:\/\/eclair2lune.fr\/#organization\",\"name\":\"\u00c9clair de Lune\",\"url\":\"https:\/\/eclair2lune.fr\/\",\"logo\":{\"@type\":\"ImageObject\",\"inLanguage\":\"en-US\",\"@id\":\"https:\/\/eclair2lune.fr\/#\/schema\/logo\/image\/\",\"url\":\"https:\/\/eclair2lune.fr\/wp-content\/uploads\/2023\/12\/cropped-Logo_v5.png\",\"contentUrl\":\"https:\/\/eclair2lune.fr\/wp-content\/uploads\/2023\/12\/cropped-Logo_v5.png\",\"width\":1050,\"height\":289,\"caption\":\"\u00c9clair de Lune\"},\"image\":{\"@id\":\"https:\/\/eclair2lune.fr\/#\/schema\/logo\/image\/\"}}]}<\/script>\n<!-- \/ Yoast SEO plugin. -->","yoast_head_json":{"title":"Animation pour enfants - \u00c9clair de Lune","robots":{"index":"index","follow":"follow","max-snippet":"max-snippet:-1","max-image-preview":"max-image-preview:large","max-video-preview":"max-video-preview:-1"},"canonical":"https:\/\/eclair2lune.fr\/index.php\/spectacle-pour-enfant-2\/","og_locale":"en_US","og_type":"article","og_title":"Animation pour enfants - \u00c9clair de Lune","og_description":"SPECTACLES POUR ENFANTS Spectacles sur mesure pour un \u00e9v\u00e9nement ou une manifestation particuli\u00e8re. Nous proposons des cr\u00e9ations de spectacle avec la participation des enfants pour cr\u00e9er une repr\u00e9sentation unique lors de laquelle les enfants deviennent acteurs de l&#8217;\u00e9v\u00e8nement. nous contacter Galerie","og_url":"https:\/\/eclair2lune.fr\/index.php\/spectacle-pour-enfant-2\/","og_site_name":"\u00c9clair de Lune","article_modified_time":"2025-12-02T09:57:31+00:00","og_image":[{"url":"http:\/\/eclair2lune.fr\/wp-content\/uploads\/2024\/03\/IMG-20231217-WA0014-600x600.jpg"}],"twitter_card":"summary_large_image","twitter_misc":{"Est. reading time":"4 minutes"},"schema":{"@context":"https:\/\/schema.org","@graph":[{"@type":"WebPage","@id":"https:\/\/eclair2lune.fr\/index.php\/spectacle-pour-enfant-2\/","url":"https:\/\/eclair2lune.fr\/index.php\/spectacle-pour-enfant-2\/","name":"Animation pour enfants - \u00c9clair de Lune","isPartOf":{"@id":"https:\/\/eclair2lune.fr\/#website"},"datePublished":"2024-03-07T12:48:50+00:00","dateModified":"2025-12-02T09:57:31+00:00","breadcrumb":{"@id":"https:\/\/eclair2lune.fr\/index.php\/spectacle-pour-enfant-2\/#breadcrumb"},"inLanguage":"en-US","potentialAction":[{"@type":"ReadAction","target":["https:\/\/eclair2lune.fr\/index.php\/spectacle-pour-enfant-2\/"]}]},{"@type":"BreadcrumbList","@id":"https:\/\/eclair2lune.fr\/index.php\/spectacle-pour-enfant-2\/#breadcrumb","itemListElement":[{"@type":"ListItem","position":1,"name":"Accueil","item":"https:\/\/eclair2lune.fr\/"},{"@type":"ListItem","position":2,"name":"Animation pour enfants"}]},{"@type":"WebSite","@id":"https:\/\/eclair2lune.fr\/#website","url":"https:\/\/eclair2lune.fr\/","name":"\u00c9clair de Lune","description":"Association de Clown \u00e0 Toulouse","publisher":{"@id":"https:\/\/eclair2lune.fr\/#organization"},"potentialAction":[{"@type":"SearchAction","target":{"@type":"EntryPoint","urlTemplate":"https:\/\/eclair2lune.fr\/?s={search_term_string}"},"query-input":"required name=search_term_string"}],"inLanguage":"en-US"},{"@type":"Organization","@id":"https:\/\/eclair2lune.fr\/#organization","name":"\u00c9clair de Lune","url":"https:\/\/eclair2lune.fr\/","logo":{"@type":"ImageObject","inLanguage":"en-US","@id":"https:\/\/eclair2lune.fr\/#\/schema\/logo\/image\/","url":"https:\/\/eclair2lune.fr\/wp-content\/uploads\/2023\/12\/cropped-Logo_v5.png","contentUrl":"https:\/\/eclair2lune.fr\/wp-content\/uploads\/2023\/12\/cropped-Logo_v5.png","width":1050,"height":289,"caption":"\u00c9clair de Lune"},"image":{"@id":"https:\/\/eclair2lune.fr\/#\/schema\/logo\/image\/"}}]}},"_links":{"self":[{"href":"https:\/\/eclair2lune.fr\/index.php\/wp-json\/wp\/v2\/pages\/1386","targetHints":{"allow":["GET"]}}],"collection":[{"href":"https:\/\/eclair2lune.fr\/index.php\/wp-json\/wp\/v2\/pages"}],"about":[{"href":"https:\/\/eclair2lune.fr\/index.php\/wp-json\/wp\/v2\/types\/page"}],"author":[{"embeddable":true,"href":"https:\/\/eclair2lune.fr\/index.php\/wp-json\/wp\/v2\/users\/2"}],"replies":[{"embeddable":true,"href":"https:\/\/eclair2lune.fr\/index.php\/wp-json\/wp\/v2\/comments?post=1386"}],"version-history":[{"count":15,"href":"https:\/\/eclair2lune.fr\/index.php\/wp-json\/wp\/v2\/pages\/1386\/revisions"}],"predecessor-version":[{"id":1610,"href":"https:\/\/eclair2lune.fr\/index.php\/wp-json\/wp\/v2\/pages\/1386\/revisions\/1610"}],"wp:attachment":[{"href":"https:\/\/eclair2lune.fr\/index.php\/wp-json\/wp\/v2\/media?parent=1386"}],"curies":[{"name":"wp","href":"https:\/\/api.w.org\/{rel}","templated":true}]}}