{"id":1290,"date":"2024-02-10T17:24:18","date_gmt":"2024-02-10T16:24:18","guid":{"rendered":"https:\/\/eclair2lune.fr\/?page_id=1290"},"modified":"2025-12-02T10:54:10","modified_gmt":"2025-12-02T09:54:10","slug":"ateliers-theatre-en-ehpad","status":"publish","type":"page","link":"https:\/\/eclair2lune.fr\/index.php\/ateliers-theatre-en-ehpad\/","title":{"rendered":"\u00a0Ateliers Th\u00e9\u00e2tre en Ehpad"},"content":{"rendered":"\t\t<div data-elementor-type=\"wp-page\" data-elementor-id=\"1290\" class=\"elementor elementor-1290\">\n\t\t\t\t\t\t<section class=\"elementor-section elementor-top-section elementor-element elementor-element-66041aa9 elementor-section-full_width elementor-section-height-min-height elementor-section-items-stretch elementor-section-content-middle elementor-reverse-tablet elementor-reverse-mobile elementor-section-height-default\" data-id=\"66041aa9\" data-element_type=\"section\">\n\t\t\t\t\t\t<div class=\"elementor-container elementor-column-gap-no\">\n\t\t\t\t\t<div class=\"elementor-column elementor-col-50 elementor-top-column elementor-element elementor-element-5d6d9c7\" data-id=\"5d6d9c7\" data-element_type=\"column\" data-settings=\"{&quot;background_background&quot;:&quot;classic&quot;}\">\n\t\t\t<div class=\"elementor-widget-wrap elementor-element-populated\">\n\t\t\t\t\t\t<div class=\"elementor-element elementor-element-563eaa00 elementor-widget elementor-widget-spacer\" data-id=\"563eaa00\" data-element_type=\"widget\" data-widget_type=\"spacer.default\">\n\t\t\t\t<div class=\"elementor-widget-container\">\n\t\t\t<style>\/*! elementor - v3.19.0 - 07-02-2024 *\/\n.elementor-column .elementor-spacer-inner{height:var(--spacer-size)}.e-con{--container-widget-width:100%}.e-con-inner>.elementor-widget-spacer,.e-con>.elementor-widget-spacer{width:var(--container-widget-width,var(--spacer-size));--align-self:var(--container-widget-align-self,initial);--flex-shrink:0}.e-con-inner>.elementor-widget-spacer>.elementor-widget-container,.e-con>.elementor-widget-spacer>.elementor-widget-container{height:100%;width:100%}.e-con-inner>.elementor-widget-spacer>.elementor-widget-container>.elementor-spacer,.e-con>.elementor-widget-spacer>.elementor-widget-container>.elementor-spacer{height:100%}.e-con-inner>.elementor-widget-spacer>.elementor-widget-container>.elementor-spacer>.elementor-spacer-inner,.e-con>.elementor-widget-spacer>.elementor-widget-container>.elementor-spacer>.elementor-spacer-inner{height:var(--container-widget-height,var(--spacer-size))}.e-con-inner>.elementor-widget-spacer.elementor-widget-empty,.e-con>.elementor-widget-spacer.elementor-widget-empty{position:relative;min-height:22px;min-width:22px}.e-con-inner>.elementor-widget-spacer.elementor-widget-empty .elementor-widget-empty-icon,.e-con>.elementor-widget-spacer.elementor-widget-empty .elementor-widget-empty-icon{position:absolute;top:0;bottom:0;left:0;right:0;margin:auto;padding:0;width:22px;height:22px}<\/style>\t\t<div class=\"elementor-spacer\">\n\t\t\t<div class=\"elementor-spacer-inner\"><\/div>\n\t\t<\/div>\n\t\t\t\t<\/div>\n\t\t\t\t<\/div>\n\t\t\t\t\t<\/div>\n\t\t<\/div>\n\t\t\t\t<div class=\"elementor-column elementor-col-50 elementor-top-column elementor-element elementor-element-6a831647\" data-id=\"6a831647\" data-element_type=\"column\">\n\t\t\t<div class=\"elementor-widget-wrap elementor-element-populated\">\n\t\t\t\t\t\t<section class=\"elementor-section elementor-inner-section elementor-element elementor-element-1731ca60 elementor-section-full_width elementor-section-height-default elementor-section-height-default\" data-id=\"1731ca60\" data-element_type=\"section\">\n\t\t\t\t\t\t<div class=\"elementor-container elementor-column-gap-no\">\n\t\t\t\t\t<div class=\"elementor-column elementor-col-100 elementor-inner-column elementor-element elementor-element-7f1ca3b7\" data-id=\"7f1ca3b7\" data-element_type=\"column\">\n\t\t\t<div class=\"elementor-widget-wrap elementor-element-populated\">\n\t\t\t\t\t\t<div class=\"elementor-element elementor-element-4e84e128 elementor-widget elementor-widget-heading\" data-id=\"4e84e128\" data-element_type=\"widget\" data-widget_type=\"heading.default\">\n\t\t\t\t<div class=\"elementor-widget-container\">\n\t\t\t<style>\/*! elementor - v3.19.0 - 07-02-2024 *\/\n.elementor-heading-title{padding:0;margin:0;line-height:1}.elementor-widget-heading .elementor-heading-title[class*=elementor-size-]>a{color:inherit;font-size:inherit;line-height:inherit}.elementor-widget-heading .elementor-heading-title.elementor-size-small{font-size:15px}.elementor-widget-heading .elementor-heading-title.elementor-size-medium{font-size:19px}.elementor-widget-heading .elementor-heading-title.elementor-size-large{font-size:29px}.elementor-widget-heading .elementor-heading-title.elementor-size-xl{font-size:39px}.elementor-widget-heading .elementor-heading-title.elementor-size-xxl{font-size:59px}<\/style><h1 class=\"elementor-heading-title elementor-size-default\"><b>Ateliers th\u00e9\u00e2tre en Ehpad<\/b><\/h1>\t\t<\/div>\n\t\t\t\t<\/div>\n\t\t\t\t<div class=\"elementor-element elementor-element-6f2c6bf1 elementor-widget__width-initial elementor-widget elementor-widget-text-editor\" data-id=\"6f2c6bf1\" data-element_type=\"widget\" data-widget_type=\"text-editor.default\">\n\t\t\t\t<div class=\"elementor-widget-container\">\n\t\t\t<style>\/*! elementor - v3.19.0 - 07-02-2024 *\/\n.elementor-widget-text-editor.elementor-drop-cap-view-stacked .elementor-drop-cap{background-color:#69727d;color:#fff}.elementor-widget-text-editor.elementor-drop-cap-view-framed .elementor-drop-cap{color:#69727d;border:3px solid;background-color:transparent}.elementor-widget-text-editor:not(.elementor-drop-cap-view-default) .elementor-drop-cap{margin-top:8px}.elementor-widget-text-editor:not(.elementor-drop-cap-view-default) .elementor-drop-cap-letter{width:1em;height:1em}.elementor-widget-text-editor .elementor-drop-cap{float:left;text-align:center;line-height:1;font-size:50px}.elementor-widget-text-editor .elementor-drop-cap-letter{display:inline-block}<\/style>\t\t\t\t<p>\u00a0<\/p><p><style>\n        p {<br \/>            text-align:justify;<br \/>        }<br \/>    <\/style><\/p><p lang=\"zxx\" style=\"margin-bottom: 0cm;\">Les ateliers de th\u00e9\u00e2tre en Ehpad\u00a0 stimulent la cr\u00e9ativit\u00e9, renforcent la confiance en soi et favorisent le bien-\u00eatre. Les r\u00e9sidents peuvent s&#8217;exprimer, jouer avec leurs emotions, interagir et d\u00e9velopper leurs capacit\u00e9s cognitives.<\/p><p lang=\"zxx\" style=\"margin-bottom: 0cm;\">Cette activit\u00e9 offre aux r\u00e9sidents de l&#8217;Ehpad une occasion de s&#8217;exprimer et de se divertir.<\/p><p lang=\"zxx\" style=\"margin-bottom: 0cm;\">Pour le personnel, ces ateliers diversifient les activit\u00e9s propos\u00e9es et apportent une nouvelle dynamique dans l&#8217;\u00e9tablissement.<\/p><p lang=\"zxx\" style=\"margin-bottom: 0cm;\">\u00a0<\/p>\t\t\t\t\t\t<\/div>\n\t\t\t\t<\/div>\n\t\t\t\t<div class=\"elementor-element elementor-element-45c29a17 elementor-mobile-align-center elementor-tablet-align-center elementor-align-center elementor-invisible elementor-widget elementor-widget-button\" data-id=\"45c29a17\" data-element_type=\"widget\" data-settings=\"{&quot;_animation&quot;:&quot;fadeInDown&quot;}\" data-widget_type=\"button.default\">\n\t\t\t\t<div class=\"elementor-widget-container\">\n\t\t\t\t\t<div class=\"elementor-button-wrapper\">\n\t\t\t<a class=\"elementor-button elementor-button-link elementor-size-sm elementor-animation-sink\" href=\"https:\/\/eclair2lune.fr\/index.php\/contact-us\/\">\n\t\t\t\t\t\t<span class=\"elementor-button-content-wrapper\">\n\t\t\t\t\t\t<span class=\"elementor-button-text\">nous contacter<\/span>\n\t\t<\/span>\n\t\t\t\t\t<\/a>\n\t\t<\/div>\n\t\t\t\t<\/div>\n\t\t\t\t<\/div>\n\t\t\t\t\t<\/div>\n\t\t<\/div>\n\t\t\t\t\t<\/div>\n\t\t<\/section>\n\t\t\t\t\t<\/div>\n\t\t<\/div>\n\t\t\t\t\t<\/div>\n\t\t<\/section>\n\t\t\t\t<section class=\"elementor-section elementor-top-section elementor-element elementor-element-5953de4 elementor-section-full_width elementor-section-height-default elementor-section-height-default\" data-id=\"5953de4\" data-element_type=\"section\">\n\t\t\t\t\t\t<div class=\"elementor-container elementor-column-gap-no\">\n\t\t\t\t\t<div class=\"elementor-column elementor-col-100 elementor-top-column elementor-element elementor-element-3fa7f31\" data-id=\"3fa7f31\" data-element_type=\"column\">\n\t\t\t<div class=\"elementor-widget-wrap elementor-element-populated\">\n\t\t\t\t\t\t<div class=\"elementor-element elementor-element-85221bc elementor-widget elementor-widget-heading\" data-id=\"85221bc\" data-element_type=\"widget\" data-widget_type=\"heading.default\">\n\t\t\t\t<div class=\"elementor-widget-container\">\n\t\t\t<span class=\"elementor-heading-title elementor-size-default\">Galerie<\/span>\t\t<\/div>\n\t\t\t\t<\/div>\n\t\t\t\t<div class=\"elementor-element elementor-element-3b97ef0 e-transform elementor-arrows-position-inside elementor-widget elementor-widget-image-carousel\" data-id=\"3b97ef0\" data-element_type=\"widget\" data-settings=\"{&quot;slides_to_show&quot;:&quot;4&quot;,&quot;slides_to_scroll&quot;:&quot;1&quot;,&quot;navigation&quot;:&quot;arrows&quot;,&quot;pause_on_hover&quot;:&quot;no&quot;,&quot;pause_on_interaction&quot;:&quot;no&quot;,&quot;slides_to_show_mobile&quot;:&quot;1&quot;,&quot;image_spacing_custom&quot;:{&quot;unit&quot;:&quot;px&quot;,&quot;size&quot;:10,&quot;sizes&quot;:[]},&quot;autoplay&quot;:&quot;yes&quot;,&quot;autoplay_speed&quot;:5000,&quot;infinite&quot;:&quot;yes&quot;,&quot;speed&quot;:500,&quot;image_spacing_custom_tablet&quot;:{&quot;unit&quot;:&quot;px&quot;,&quot;size&quot;:&quot;&quot;,&quot;sizes&quot;:[]},&quot;_transform_scaleX_effect&quot;:{&quot;unit&quot;:&quot;px&quot;,&quot;size&quot;:&quot;&quot;,&quot;sizes&quot;:[]},&quot;_transform_scaleX_effect_tablet&quot;:{&quot;unit&quot;:&quot;px&quot;,&quot;size&quot;:&quot;&quot;,&quot;sizes&quot;:[]},&quot;_transform_scaleX_effect_mobile&quot;:{&quot;unit&quot;:&quot;px&quot;,&quot;size&quot;:&quot;&quot;,&quot;sizes&quot;:[]},&quot;_transform_scaleY_effect&quot;:{&quot;unit&quot;:&quot;px&quot;,&quot;size&quot;:&quot;&quot;,&quot;sizes&quot;:[]},&quot;_transform_scaleY_effect_tablet&quot;:{&quot;unit&quot;:&quot;px&quot;,&quot;size&quot;:&quot;&quot;,&quot;sizes&quot;:[]},&quot;_transform_scaleY_effect_mobile&quot;:{&quot;unit&quot;:&quot;px&quot;,&quot;size&quot;:&quot;&quot;,&quot;sizes&quot;:[]}}\" data-widget_type=\"image-carousel.default\">\n\t\t\t\t<div class=\"elementor-widget-container\">\n\t\t\t<style>\/*! elementor - v3.19.0 - 07-02-2024 *\/\n.elementor-widget-image-carousel .swiper,.elementor-widget-image-carousel .swiper-container{position:static}.elementor-widget-image-carousel .swiper-container .swiper-slide figure,.elementor-widget-image-carousel .swiper .swiper-slide figure{line-height:inherit}.elementor-widget-image-carousel .swiper-slide{text-align:center}.elementor-image-carousel-wrapper:not(.swiper-container-initialized):not(.swiper-initialized) .swiper-slide{max-width:calc(100% \/ var(--e-image-carousel-slides-to-show, 3))}<\/style>\t\t<div class=\"elementor-image-carousel-wrapper swiper\" dir=\"ltr\">\n\t\t\t<div class=\"elementor-image-carousel swiper-wrapper\" aria-live=\"off\">\n\t\t\t\t\t\t\t\t<div class=\"swiper-slide\" role=\"group\" aria-roledescription=\"slide\" aria-label=\"1 of 6\"><a data-elementor-open-lightbox=\"yes\" data-elementor-lightbox-slideshow=\"3b97ef0\" data-elementor-lightbox-title=\"image\" data-e-action-hash=\"#elementor-action%3Aaction%3Dlightbox%26settings%3DeyJpZCI6MTM2MSwidXJsIjoiaHR0cHM6XC9cL2VjbGFpcjJsdW5lLmZyXC93cC1jb250ZW50XC91cGxvYWRzXC8yMDI0XC8wM1wvaW1hZ2Utc2NhbGVkLmpwZyIsInNsaWRlc2hvdyI6IjNiOTdlZjAifQ%3D%3D\" href=\"https:\/\/eclair2lune.fr\/wp-content\/uploads\/2024\/03\/image-scaled.jpg\"><figure class=\"swiper-slide-inner\"><img decoding=\"async\" class=\"swiper-slide-image\" src=\"https:\/\/eclair2lune.fr\/wp-content\/uploads\/2024\/03\/image-600x600.jpg\" alt=\"image\" \/><\/figure><\/a><\/div><div class=\"swiper-slide\" role=\"group\" aria-roledescription=\"slide\" aria-label=\"2 of 6\"><a data-elementor-open-lightbox=\"yes\" data-elementor-lightbox-slideshow=\"3b97ef0\" data-elementor-lightbox-title=\"image 4 retouch\u00e9e\" data-e-action-hash=\"#elementor-action%3Aaction%3Dlightbox%26settings%3DeyJpZCI6MTM2MCwidXJsIjoiaHR0cHM6XC9cL2VjbGFpcjJsdW5lLmZyXC93cC1jb250ZW50XC91cGxvYWRzXC8yMDI0XC8wM1wvaW1hZ2UtNC1yZXRvdWNoZWUtc2NhbGVkLmpwZyIsInNsaWRlc2hvdyI6IjNiOTdlZjAifQ%3D%3D\" href=\"https:\/\/eclair2lune.fr\/wp-content\/uploads\/2024\/03\/image-4-retouchee-scaled.jpg\"><figure class=\"swiper-slide-inner\"><img decoding=\"async\" class=\"swiper-slide-image\" src=\"https:\/\/eclair2lune.fr\/wp-content\/uploads\/2024\/03\/image-4-retouchee-600x600.jpg\" alt=\"image 4 retouch\u00e9e\" \/><\/figure><\/a><\/div><div class=\"swiper-slide\" role=\"group\" aria-roledescription=\"slide\" aria-label=\"3 of 6\"><a data-elementor-open-lightbox=\"yes\" data-elementor-lightbox-slideshow=\"3b97ef0\" data-elementor-lightbox-title=\"image retouch\u00e9e 3\" data-e-action-hash=\"#elementor-action%3Aaction%3Dlightbox%26settings%3DeyJpZCI6MTM1NiwidXJsIjoiaHR0cHM6XC9cL2VjbGFpcjJsdW5lLmZyXC93cC1jb250ZW50XC91cGxvYWRzXC8yMDI0XC8wM1wvaW1hZ2UtcmV0b3VjaGVlLTMtc2NhbGVkLmpwZyIsInNsaWRlc2hvdyI6IjNiOTdlZjAifQ%3D%3D\" href=\"https:\/\/eclair2lune.fr\/wp-content\/uploads\/2024\/03\/image-retouchee-3-scaled.jpg\"><figure class=\"swiper-slide-inner\"><img decoding=\"async\" class=\"swiper-slide-image\" src=\"https:\/\/eclair2lune.fr\/wp-content\/uploads\/2024\/03\/image-retouchee-3-600x600.jpg\" alt=\"image retouch\u00e9e 3\" \/><\/figure><\/a><\/div><div class=\"swiper-slide\" role=\"group\" aria-roledescription=\"slide\" aria-label=\"4 of 6\"><a data-elementor-open-lightbox=\"yes\" data-elementor-lightbox-slideshow=\"3b97ef0\" data-elementor-lightbox-title=\"image retouch\u00e9e 2\" data-e-action-hash=\"#elementor-action%3Aaction%3Dlightbox%26settings%3DeyJpZCI6MTM1NSwidXJsIjoiaHR0cHM6XC9cL2VjbGFpcjJsdW5lLmZyXC93cC1jb250ZW50XC91cGxvYWRzXC8yMDI0XC8wM1wvaW1hZ2UtcmV0b3VjaGVlLTItc2NhbGVkLmpwZyIsInNsaWRlc2hvdyI6IjNiOTdlZjAifQ%3D%3D\" href=\"https:\/\/eclair2lune.fr\/wp-content\/uploads\/2024\/03\/image-retouchee-2-scaled.jpg\"><figure class=\"swiper-slide-inner\"><img decoding=\"async\" class=\"swiper-slide-image\" src=\"https:\/\/eclair2lune.fr\/wp-content\/uploads\/2024\/03\/image-retouchee-2-600x600.jpg\" alt=\"image retouch\u00e9e 2\" \/><\/figure><\/a><\/div><div class=\"swiper-slide\" role=\"group\" aria-roledescription=\"slide\" aria-label=\"5 of 6\"><a data-elementor-open-lightbox=\"yes\" data-elementor-lightbox-slideshow=\"3b97ef0\" data-elementor-lightbox-title=\"image Retouch\u00e9e 1\" data-e-action-hash=\"#elementor-action%3Aaction%3Dlightbox%26settings%3DeyJpZCI6MTM1NCwidXJsIjoiaHR0cHM6XC9cL2VjbGFpcjJsdW5lLmZyXC93cC1jb250ZW50XC91cGxvYWRzXC8yMDI0XC8wM1wvaW1hZ2UtUmV0b3VjaGVlLTEtc2NhbGVkLmpwZyIsInNsaWRlc2hvdyI6IjNiOTdlZjAifQ%3D%3D\" href=\"https:\/\/eclair2lune.fr\/wp-content\/uploads\/2024\/03\/image-Retouchee-1-scaled.jpg\"><figure class=\"swiper-slide-inner\"><img decoding=\"async\" class=\"swiper-slide-image\" src=\"https:\/\/eclair2lune.fr\/wp-content\/uploads\/2024\/03\/image-Retouchee-1-600x600.jpg\" alt=\"image Retouch\u00e9e 1\" \/><\/figure><\/a><\/div><div class=\"swiper-slide\" role=\"group\" aria-roledescription=\"slide\" aria-label=\"6 of 6\"><a data-elementor-open-lightbox=\"yes\" data-elementor-lightbox-slideshow=\"3b97ef0\" data-elementor-lightbox-title=\"ATT_Lec_Theatre_1\" data-e-action-hash=\"#elementor-action%3Aaction%3Dlightbox%26settings%3DeyJpZCI6MTAxNywidXJsIjoiaHR0cHM6XC9cL2VjbGFpcjJsdW5lLmZyXC93cC1jb250ZW50XC91cGxvYWRzXC8yMDIzXC8xMlwvQVRUX0xlY19UaGVhdHJlXzEucG5nIiwic2xpZGVzaG93IjoiM2I5N2VmMCJ9\" href=\"https:\/\/eclair2lune.fr\/wp-content\/uploads\/2023\/12\/ATT_Lec_Theatre_1.png\"><figure class=\"swiper-slide-inner\"><img decoding=\"async\" class=\"swiper-slide-image\" src=\"https:\/\/eclair2lune.fr\/wp-content\/uploads\/2023\/12\/ATT_Lec_Theatre_1-600x600.png\" alt=\"ATT_Lec_Theatre_1\" \/><\/figure><\/a><\/div>\t\t\t<\/div>\n\t\t\t\t\t\t\t\t\t\t\t\t<div class=\"elementor-swiper-button elementor-swiper-button-prev\" role=\"button\" tabindex=\"0\">\n\t\t\t\t\t\t<i aria-hidden=\"true\" class=\"eicon-chevron-left\"><\/i>\t\t\t\t\t<\/div>\n\t\t\t\t\t<div class=\"elementor-swiper-button elementor-swiper-button-next\" role=\"button\" tabindex=\"0\">\n\t\t\t\t\t\t<i aria-hidden=\"true\" class=\"eicon-chevron-right\"><\/i>\t\t\t\t\t<\/div>\n\t\t\t\t\n\t\t\t\t\t\t\t\t\t<\/div>\n\t\t\t\t<\/div>\n\t\t\t\t<\/div>\n\t\t\t\t\t<\/div>\n\t\t<\/div>\n\t\t\t\t\t<\/div>\n\t\t<\/section>\n\t\t\t\t<\/div>\n\t\t","protected":false},"excerpt":{"rendered":"<p>Ateliers th\u00e9\u00e2tre en Ehpad \u00a0 Les ateliers de th\u00e9\u00e2tre en Ehpad\u00a0 stimulent la cr\u00e9ativit\u00e9, renforcent la confiance en soi et favorisent le bien-\u00eatre. Les r\u00e9sidents peuvent s&#8217;exprimer, jouer avec leurs emotions, interagir et d\u00e9velopper leurs capacit\u00e9s cognitives. Cette activit\u00e9 offre aux r\u00e9sidents de l&#8217;Ehpad une occasion de s&#8217;exprimer et de se divertir. Pour le personnel, [&hellip;]<\/p>\n","protected":false},"author":1,"featured_media":0,"parent":0,"menu_order":0,"comment_status":"closed","ping_status":"closed","template":"elementor_header_footer","meta":{"footnotes":""},"class_list":["post-1290","page","type-page","status-publish","hentry","entry"],"yoast_head":"<!-- This site is optimized with the Yoast SEO plugin v22.0 - https:\/\/yoast.com\/wordpress\/plugins\/seo\/ -->\n<title>\u00a0Ateliers Th\u00e9\u00e2tre en Ehpad - \u00c9clair de Lune<\/title>\n<meta name=\"robots\" content=\"index, follow, max-snippet:-1, max-image-preview:large, max-video-preview:-1\" \/>\n<link rel=\"canonical\" href=\"https:\/\/eclair2lune.fr\/index.php\/ateliers-theatre-en-ehpad\/\" \/>\n<meta property=\"og:locale\" content=\"en_US\" \/>\n<meta property=\"og:type\" content=\"article\" \/>\n<meta property=\"og:title\" content=\"\u00a0Ateliers Th\u00e9\u00e2tre en Ehpad - \u00c9clair de Lune\" \/>\n<meta property=\"og:description\" content=\"Ateliers th\u00e9\u00e2tre en Ehpad \u00a0 Les ateliers de th\u00e9\u00e2tre en Ehpad\u00a0 stimulent la cr\u00e9ativit\u00e9, renforcent la confiance en soi et favorisent le bien-\u00eatre. Les r\u00e9sidents peuvent s&#8217;exprimer, jouer avec leurs emotions, interagir et d\u00e9velopper leurs capacit\u00e9s cognitives. Cette activit\u00e9 offre aux r\u00e9sidents de l&#8217;Ehpad une occasion de s&#8217;exprimer et de se divertir. Pour le personnel, [&hellip;]\" \/>\n<meta property=\"og:url\" content=\"https:\/\/eclair2lune.fr\/index.php\/ateliers-theatre-en-ehpad\/\" \/>\n<meta property=\"og:site_name\" content=\"\u00c9clair de Lune\" \/>\n<meta property=\"article:modified_time\" content=\"2025-12-02T09:54:10+00:00\" \/>\n<meta property=\"og:image\" content=\"http:\/\/eclair2lune.fr\/wp-content\/uploads\/2024\/03\/image-600x600.jpg\" \/>\n<meta name=\"twitter:card\" content=\"summary_large_image\" \/>\n<meta name=\"twitter:label1\" content=\"Est. reading time\" \/>\n\t<meta name=\"twitter:data1\" content=\"4 minutes\" \/>\n<script type=\"application\/ld+json\" class=\"yoast-schema-graph\">{\"@context\":\"https:\/\/schema.org\",\"@graph\":[{\"@type\":\"WebPage\",\"@id\":\"https:\/\/eclair2lune.fr\/index.php\/ateliers-theatre-en-ehpad\/\",\"url\":\"https:\/\/eclair2lune.fr\/index.php\/ateliers-theatre-en-ehpad\/\",\"name\":\"\u00a0Ateliers Th\u00e9\u00e2tre en Ehpad - \u00c9clair de Lune\",\"isPartOf\":{\"@id\":\"https:\/\/eclair2lune.fr\/#website\"},\"datePublished\":\"2024-02-10T16:24:18+00:00\",\"dateModified\":\"2025-12-02T09:54:10+00:00\",\"breadcrumb\":{\"@id\":\"https:\/\/eclair2lune.fr\/index.php\/ateliers-theatre-en-ehpad\/#breadcrumb\"},\"inLanguage\":\"en-US\",\"potentialAction\":[{\"@type\":\"ReadAction\",\"target\":[\"https:\/\/eclair2lune.fr\/index.php\/ateliers-theatre-en-ehpad\/\"]}]},{\"@type\":\"BreadcrumbList\",\"@id\":\"https:\/\/eclair2lune.fr\/index.php\/ateliers-theatre-en-ehpad\/#breadcrumb\",\"itemListElement\":[{\"@type\":\"ListItem\",\"position\":1,\"name\":\"Accueil\",\"item\":\"https:\/\/eclair2lune.fr\/\"},{\"@type\":\"ListItem\",\"position\":2,\"name\":\"\u00a0Ateliers Th\u00e9\u00e2tre en Ehpad\"}]},{\"@type\":\"WebSite\",\"@id\":\"https:\/\/eclair2lune.fr\/#website\",\"url\":\"https:\/\/eclair2lune.fr\/\",\"name\":\"\u00c9clair de Lune\",\"description\":\"Association de Clown \u00e0 Toulouse\",\"publisher\":{\"@id\":\"https:\/\/eclair2lune.fr\/#organization\"},\"potentialAction\":[{\"@type\":\"SearchAction\",\"target\":{\"@type\":\"EntryPoint\",\"urlTemplate\":\"https:\/\/eclair2lune.fr\/?s={search_term_string}\"},\"query-input\":\"required name=search_term_string\"}],\"inLanguage\":\"en-US\"},{\"@type\":\"Organization\",\"@id\":\"https:\/\/eclair2lune.fr\/#organization\",\"name\":\"\u00c9clair de Lune\",\"url\":\"https:\/\/eclair2lune.fr\/\",\"logo\":{\"@type\":\"ImageObject\",\"inLanguage\":\"en-US\",\"@id\":\"https:\/\/eclair2lune.fr\/#\/schema\/logo\/image\/\",\"url\":\"https:\/\/eclair2lune.fr\/wp-content\/uploads\/2023\/12\/cropped-Logo_v5.png\",\"contentUrl\":\"https:\/\/eclair2lune.fr\/wp-content\/uploads\/2023\/12\/cropped-Logo_v5.png\",\"width\":1050,\"height\":289,\"caption\":\"\u00c9clair de Lune\"},\"image\":{\"@id\":\"https:\/\/eclair2lune.fr\/#\/schema\/logo\/image\/\"}}]}<\/script>\n<!-- \/ Yoast SEO plugin. -->","yoast_head_json":{"title":"\u00a0Ateliers Th\u00e9\u00e2tre en Ehpad - \u00c9clair de Lune","robots":{"index":"index","follow":"follow","max-snippet":"max-snippet:-1","max-image-preview":"max-image-preview:large","max-video-preview":"max-video-preview:-1"},"canonical":"https:\/\/eclair2lune.fr\/index.php\/ateliers-theatre-en-ehpad\/","og_locale":"en_US","og_type":"article","og_title":"\u00a0Ateliers Th\u00e9\u00e2tre en Ehpad - \u00c9clair de Lune","og_description":"Ateliers th\u00e9\u00e2tre en Ehpad \u00a0 Les ateliers de th\u00e9\u00e2tre en Ehpad\u00a0 stimulent la cr\u00e9ativit\u00e9, renforcent la confiance en soi et favorisent le bien-\u00eatre. Les r\u00e9sidents peuvent s&#8217;exprimer, jouer avec leurs emotions, interagir et d\u00e9velopper leurs capacit\u00e9s cognitives. Cette activit\u00e9 offre aux r\u00e9sidents de l&#8217;Ehpad une occasion de s&#8217;exprimer et de se divertir. Pour le personnel, [&hellip;]","og_url":"https:\/\/eclair2lune.fr\/index.php\/ateliers-theatre-en-ehpad\/","og_site_name":"\u00c9clair de Lune","article_modified_time":"2025-12-02T09:54:10+00:00","og_image":[{"url":"http:\/\/eclair2lune.fr\/wp-content\/uploads\/2024\/03\/image-600x600.jpg"}],"twitter_card":"summary_large_image","twitter_misc":{"Est. reading time":"4 minutes"},"schema":{"@context":"https:\/\/schema.org","@graph":[{"@type":"WebPage","@id":"https:\/\/eclair2lune.fr\/index.php\/ateliers-theatre-en-ehpad\/","url":"https:\/\/eclair2lune.fr\/index.php\/ateliers-theatre-en-ehpad\/","name":"\u00a0Ateliers Th\u00e9\u00e2tre en Ehpad - \u00c9clair de Lune","isPartOf":{"@id":"https:\/\/eclair2lune.fr\/#website"},"datePublished":"2024-02-10T16:24:18+00:00","dateModified":"2025-12-02T09:54:10+00:00","breadcrumb":{"@id":"https:\/\/eclair2lune.fr\/index.php\/ateliers-theatre-en-ehpad\/#breadcrumb"},"inLanguage":"en-US","potentialAction":[{"@type":"ReadAction","target":["https:\/\/eclair2lune.fr\/index.php\/ateliers-theatre-en-ehpad\/"]}]},{"@type":"BreadcrumbList","@id":"https:\/\/eclair2lune.fr\/index.php\/ateliers-theatre-en-ehpad\/#breadcrumb","itemListElement":[{"@type":"ListItem","position":1,"name":"Accueil","item":"https:\/\/eclair2lune.fr\/"},{"@type":"ListItem","position":2,"name":"\u00a0Ateliers Th\u00e9\u00e2tre en Ehpad"}]},{"@type":"WebSite","@id":"https:\/\/eclair2lune.fr\/#website","url":"https:\/\/eclair2lune.fr\/","name":"\u00c9clair de Lune","description":"Association de Clown \u00e0 Toulouse","publisher":{"@id":"https:\/\/eclair2lune.fr\/#organization"},"potentialAction":[{"@type":"SearchAction","target":{"@type":"EntryPoint","urlTemplate":"https:\/\/eclair2lune.fr\/?s={search_term_string}"},"query-input":"required name=search_term_string"}],"inLanguage":"en-US"},{"@type":"Organization","@id":"https:\/\/eclair2lune.fr\/#organization","name":"\u00c9clair de Lune","url":"https:\/\/eclair2lune.fr\/","logo":{"@type":"ImageObject","inLanguage":"en-US","@id":"https:\/\/eclair2lune.fr\/#\/schema\/logo\/image\/","url":"https:\/\/eclair2lune.fr\/wp-content\/uploads\/2023\/12\/cropped-Logo_v5.png","contentUrl":"https:\/\/eclair2lune.fr\/wp-content\/uploads\/2023\/12\/cropped-Logo_v5.png","width":1050,"height":289,"caption":"\u00c9clair de Lune"},"image":{"@id":"https:\/\/eclair2lune.fr\/#\/schema\/logo\/image\/"}}]}},"_links":{"self":[{"href":"https:\/\/eclair2lune.fr\/index.php\/wp-json\/wp\/v2\/pages\/1290","targetHints":{"allow":["GET"]}}],"collection":[{"href":"https:\/\/eclair2lune.fr\/index.php\/wp-json\/wp\/v2\/pages"}],"about":[{"href":"https:\/\/eclair2lune.fr\/index.php\/wp-json\/wp\/v2\/types\/page"}],"author":[{"embeddable":true,"href":"https:\/\/eclair2lune.fr\/index.php\/wp-json\/wp\/v2\/users\/1"}],"replies":[{"embeddable":true,"href":"https:\/\/eclair2lune.fr\/index.php\/wp-json\/wp\/v2\/comments?post=1290"}],"version-history":[{"count":41,"href":"https:\/\/eclair2lune.fr\/index.php\/wp-json\/wp\/v2\/pages\/1290\/revisions"}],"predecessor-version":[{"id":1594,"href":"https:\/\/eclair2lune.fr\/index.php\/wp-json\/wp\/v2\/pages\/1290\/revisions\/1594"}],"wp:attachment":[{"href":"https:\/\/eclair2lune.fr\/index.php\/wp-json\/wp\/v2\/media?parent=1290"}],"curies":[{"name":"wp","href":"https:\/\/api.w.org\/{rel}","templated":true}]}}